{"id":2117,"date":"2025-12-16T01:04:33","date_gmt":"2025-12-16T01:04:33","guid":{"rendered":"https:\/\/tif2026.com\/?page_id=2117"},"modified":"2025-12-16T01:04:35","modified_gmt":"2025-12-16T01:04:35","slug":"2117-2","status":"publish","type":"page","link":"https:\/\/tif2026.com\/tr\/2117-2\/","title":{"rendered":""},"content":{"rendered":"<div data-block-name=\"woocommerce\/single-product\" data-product-id=\"2038\" data-wp-context=\"{&quot;productId&quot;:2038,&quot;variationId&quot;:null}\" data-wp-interactive=\"woocommerce\/single-product\" class=\"wp-block-woocommerce-single-product woocommerce\">\n<div class=\"wp-block-columns is-layout-flex wp-container-core-columns-is-layout-28f84493 wp-block-columns-is-layout-flex\">\n<div class=\"wp-block-column is-layout-flow wp-block-column-is-layout-flow\"><div data-block-name=\"woocommerce\/product-image\" data-is-descendent-of-single-product-block=\"true\" data-show-sale-badge=\"false\" class=\"wc-block-components-product-image wc-block-grid__product-image wc-block-components-product-image--aspect-ratio-auto wp-block-woocommerce-product-image\"><a href=\"https:\/\/tif2026.com\/tr\/urun\/tif-2026-ticket\/\" style=\"\" data-wp-on--click=\"woocommerce\/product-collection::actions.viewProduct\"><img decoding=\"async\" width=\"600\" height=\"200\" src=\"https:\/\/tif2026.com\/wp-content\/uploads\/2025\/12\/cropped-WhatsApp-Image-2025-10-21-at-12.42.55-e1765757265305-600x200.jpeg\" class=\"attachment-woocommerce_single size-woocommerce_single\" alt=\"TIF2026 Ticket\" data-testid=\"product-image\" data-image-id=\"2051\" style=\"object-fit:cover;\" loading=\"lazy\" srcset=\"https:\/\/tif2026.com\/wp-content\/uploads\/2025\/12\/cropped-WhatsApp-Image-2025-10-21-at-12.42.55-e1765757265305-600x200.jpeg 600w, https:\/\/tif2026.com\/wp-content\/uploads\/2025\/12\/cropped-WhatsApp-Image-2025-10-21-at-12.42.55-e1765757265305-300x100.jpeg 300w, https:\/\/tif2026.com\/wp-content\/uploads\/2025\/12\/cropped-WhatsApp-Image-2025-10-21-at-12.42.55-e1765757265305.jpeg 760w\" sizes=\"auto, (max-width: 600px) 100vw, 600px\" \/><div class=\"wc-block-components-product-image__inner-container\">\n\n<\/div><\/a><\/div><\/div>\n\n\n\n<div class=\"wp-block-column is-layout-flow wp-block-column-is-layout-flow\"><h2 class=\"wp-block-post-title\"><a href=\"https:\/\/tif2026.com\/tr\/urun\/tif-2026-ticket\/\" target=\"_self\" >TIF 2026 Giri\u015f Bileti<\/a><\/h2>\n\n\n\n<div data-block-name=\"woocommerce\/product-price\" data-is-descendent-of-single-product-block=\"true\" class=\"wp-block-woocommerce-product-price\" ><div class=\"wc-block-components-product-price wc-block-grid__product-price\" >\n\t\t\t\t\t<span class=\"woocommerce-Price-amount amount\"><bdi><span class=\"woocommerce-Price-currencySymbol\">&#8378;<\/span>18.000,00<\/bdi><\/span>\n\t\t\t\t<\/div><\/div>\n\n<div data-block-name=\"woocommerce\/product-summary\" data-is-descendent-of-single-product-block=\"true\" class=\"wp-block-woocommerce-product-summary\"><div class=\"wc-block-components-product-summary\" style=\"\">\n\t\t\t\t<h3 class=\"framer-text framer-styles-preset-15ebtg0\" data-styles-preset=\"hjK4oGBZ_\">The Premier Event for Tourism Professionals and Investors.<\/h3>\n\n\t\t\t<\/div><\/div>\n\n<div data-block-name=\"woocommerce\/add-to-cart-form\" class=\"wp-block-add-to-cart-form wc-block-add-to-cart-form wc-block-add-to-cart-form--input wp-block-woocommerce-add-to-cart-form\" >\n\t\n\t<form class=\"cart\" action=\"https:\/\/tif2026.com\/tr\/urun\/tif-2026-ticket\/\" method=\"post\" enctype='multipart\/form-data' data-trp-original-action=\"https:\/\/tif2026.com\/tr\/urun\/tif-2026-ticket\/\">\n\t\t\n\t\t<div class=\"quantity\">\n\t\t<label class=\"screen-reader-text\" for=\"quantity_69f655a5b0c1d\" data-no-translation=\"\" data-trp-gettext=\"\">TIF2026 Ticket adet<\/label>\n\t<input\n\t\ttype=\"number\"\n\t\t\t\tid=\"quantity_69f655a5b0c1d\"\n\t\tclass=\"input-text qty text\"\n\t\tname=\"quantity\"\n\t\tvalue=\"1\"\n\t\taria-label=\"\u00dcr\u00fcn miktar\u0131\"\n\t\t\t\tmin=\"1\"\n\t\t\t\t\t\t\tstep=\"1\"\n\t\t\tplaceholder=\"\"\n\t\t\tinputmode=\"numeric\"\n\t\t\tautocomplete=\"off\" data-no-translation-aria-label=\"\"\n\t\t\t\/>\n\t<\/div>\n\n\t\t<button type=\"submit\" name=\"add-to-cart\" value=\"2038\" class=\"single_add_to_cart_button button alt\" data-no-translation=\"\" data-trp-gettext=\"\">Sepete Ekle<\/button>\n\n\t\t\t<input type=\"hidden\" name=\"trp-form-language\" value=\"tr\"\/><\/form>\n\n\t<div id=\"iyzico-bpo2\" style=\"margin-top: 10px;\" data-widget data-type=\"product-detail\"><\/div>\n<\/div>\n\n\n<div data-block-name=\"woocommerce\/product-meta\" class=\"wp-block-woocommerce-product-meta\">\n<div class=\"wp-block-group is-nowrap is-layout-flex wp-container-core-group-is-layout-6c531013 wp-block-group-is-layout-flex\">\n\n<div class=\"taxonomy-product_cat wp-block-post-terms\"><span class=\"wp-block-post-terms__prefix\">Kategori: <\/span><a href=\"https:\/\/tif2026.com\/tr\/urun-kategori\/uncategorized\/\" rel=\"tag\">Uncategorized<\/a><\/div>\n\n<\/div>\n<\/div>\n<\/div>\n<\/div>\n<\/div>","protected":false},"excerpt":{"rendered":"","protected":false},"author":1,"featured_media":0,"parent":0,"menu_order":0,"comment_status":"closed","ping_status":"closed","template":"","meta":{"_uag_custom_page_level_css":"","site-sidebar-layout":"default","site-content-layout":"","ast-site-content-layout":"default","site-content-style":"default","site-sidebar-style":"default","ast-global-header-display":"","ast-banner-title-visibility":"","ast-main-header-display":"","ast-hfb-above-header-display":"","ast-hfb-below-header-display":"","ast-hfb-mobile-header-display":"","site-post-title":"","ast-breadcrumbs-content":"","ast-featured-img":"","footer-sml-layout":"","ast-disable-related-posts":"","theme-transparent-header-meta":"","adv-header-id-meta":"","stick-header-meta":"","header-above-stick-meta":"","header-main-stick-meta":"","header-below-stick-meta":"","astra-migrate-meta-layouts":"set","ast-page-background-enabled":"default","ast-page-background-meta":{"desktop":{"background-color":"var(--ast-global-color-4)","background-image":"","background-repeat":"repeat","background-position":"center center","background-size":"auto","background-attachment":"scroll","background-type":"","background-media":"","overlay-type":"","overlay-color":"","overlay-opacity":"","overlay-gradient":""},"tablet":{"background-color":"","background-image":"","background-repeat":"repeat","background-position":"center center","background-size":"auto","background-attachment":"scroll","background-type":"","background-media":"","overlay-type":"","overlay-color":"","overlay-opacity":"","overlay-gradient":""},"mobile":{"background-color":"","background-image":"","background-repeat":"repeat","background-position":"center center","background-size":"auto","background-attachment":"scroll","background-type":"","background-media":"","overlay-type":"","overlay-color":"","overlay-opacity":"","overlay-gradient":""}},"ast-content-background-meta":{"desktop":{"background-color":"var(--ast-global-color-5)","background-image":"","background-repeat":"repeat","background-position":"center center","background-size":"auto","background-attachment":"scroll","background-type":"","background-media":"","overlay-type":"","overlay-color":"","overlay-opacity":"","overlay-gradient":""},"tablet":{"background-color":"var(--ast-global-color-5)","background-image":"","background-repeat":"repeat","background-position":"center center","background-size":"auto","background-attachment":"scroll","background-type":"","background-media":"","overlay-type":"","overlay-color":"","overlay-opacity":"","overlay-gradient":""},"mobile":{"background-color":"var(--ast-global-color-5)","background-image":"","background-repeat":"repeat","background-position":"center center","background-size":"auto","background-attachment":"scroll","background-type":"","background-media":"","overlay-type":"","overlay-color":"","overlay-opacity":"","overlay-gradient":""}},"footnotes":""},"class_list":["post-2117","page","type-page","status-publish","hentry","desktop-align-left","tablet-align-left","mobile-align-left"],"_hostinger_reach_plugin_has_subscription_block":false,"_hostinger_reach_plugin_is_elementor":false,"uagb_featured_image_src":{"full":false,"thumbnail":false,"medium":false,"medium_large":false,"large":false,"1536x1536":false,"2048x2048":false,"trp-custom-language-flag":false,"woocommerce_thumbnail":false,"woocommerce_single":false,"woocommerce_gallery_thumbnail":false},"uagb_author_info":{"display_name":"Furkan Y\u0131lmaz","author_link":"https:\/\/tif2026.com\/tr\/author\/tifttydgmail-com\/"},"uagb_comment_info":0,"uagb_excerpt":null,"_links":{"self":[{"href":"https:\/\/tif2026.com\/tr\/wp-json\/wp\/v2\/pages\/2117","targetHints":{"allow":["GET"]}}],"collection":[{"href":"https:\/\/tif2026.com\/tr\/wp-json\/wp\/v2\/pages"}],"about":[{"href":"https:\/\/tif2026.com\/tr\/wp-json\/wp\/v2\/types\/page"}],"author":[{"embeddable":true,"href":"https:\/\/tif2026.com\/tr\/wp-json\/wp\/v2\/users\/1"}],"replies":[{"embeddable":true,"href":"https:\/\/tif2026.com\/tr\/wp-json\/wp\/v2\/comments?post=2117"}],"version-history":[{"count":1,"href":"https:\/\/tif2026.com\/tr\/wp-json\/wp\/v2\/pages\/2117\/revisions"}],"predecessor-version":[{"id":2119,"href":"https:\/\/tif2026.com\/tr\/wp-json\/wp\/v2\/pages\/2117\/revisions\/2119"}],"wp:attachment":[{"href":"https:\/\/tif2026.com\/tr\/wp-json\/wp\/v2\/media?parent=2117"}],"curies":[{"name":"wp","href":"https:\/\/api.w.org\/{rel}","templated":true}]}}